{"id":179,"date":"2022-07-14T10:47:15","date_gmt":"2022-07-14T10:47:15","guid":{"rendered":"https:\/\/www.zeitgem\u00e4ss.eu\/?page_id=179"},"modified":"2022-07-14T13:07:19","modified_gmt":"2022-07-14T13:07:19","slug":"satzung-zeitgemaess-ev","status":"publish","type":"page","link":"https:\/\/www.zeitgem\u00e4ss.eu\/?page_id=179","title":{"rendered":"Satzung Zeitgem\u00e4\u00df eV"},"content":{"rendered":"\n<p>Der Verein ist noch nicht im Vereinsregister eingetragen, aber bald!<\/p>\n\n\n\n<p>zum download<\/p>\n\n\n\n<div class=\"wp-block-file\"><a id=\"wp-block-file--media-7e43de80-a09e-4785-a3be-c536684e0266\" href=\"https:\/\/www.zeitgem\u00e4ss.eu\/wp-content\/uploads\/2022\/07\/ZMW4-eV_Satzung_Final_Vereinsgruendung_.pdf\">ZMW4-eV_Satzung_Final_Vereinsgruendung_<\/a><\/div>\n\n\n\n<div style=\"height:75px\" aria-hidden=\"true\" class=\"wp-block-spacer\"><\/div>\n\n\n\n<p><\/p>\n\n\n\n<p><\/p>\n\n\n\n<p><\/p>\n\n\n\n<p><strong>Satzung<br>Verein:  \u201eZeitgem\u00e4ss (e.V.)\u201c  10.07.2022<\/strong><\/p>\n\n\n\n<p><strong>Inhaltsverzeichnis<\/strong>: <\/p>\n\n\n\n<p class=\"has-small-font-size\">Pr\u00e4ambel<\/p>\n\n\n\n<p class=\"has-small-font-size\">\u00a7 1 Name, Sitz, Eintragung, Gesch\u00e4ftsjahr<\/p>\n\n\n\n<p class=\"has-small-font-size\">\u00a72 Zweck, Aufgaben, Gemeinn\u00fctzigkeit des Vereins<\/p>\n\n\n\n<p class=\"has-small-font-size\">\u00a73 Selbstlosigkeit<\/p>\n\n\n\n<p class=\"has-small-font-size\">\u00a7 4 Erwerb der Mitgliedschaft<\/p>\n\n\n\n<p class=\"has-small-font-size\">\u00a7 5 Beendigung der Mitgliedschaft<\/p>\n\n\n\n<p class=\"has-small-font-size\">\u00a7 6 Rechte und Pflichten der Mitglieder<\/p>\n\n\n\n<p class=\"has-small-font-size\">\u00a7 7 Aufnahmegeb\u00fchr und Mitgliedsbeitr\u00e4ge<\/p>\n\n\n\n<p class=\"has-small-font-size\">\u00a7 8 Organe des Vereins<\/p>\n\n\n\n<p class=\"has-small-font-size\">\u00a7 9 Vorstand<\/p>\n\n\n\n<p class=\"has-small-font-size\">\u00a7 10 Mitgliederversammlung<\/p>\n\n\n\n<p class=\"has-small-font-size\">\u00a7 11 Beir\u00e4te und Arbeitsgruppen<\/p>\n\n\n\n<p class=\"has-small-font-size\">\u00a7 12 Beurkundung und Beschl\u00fcsse<\/p>\n\n\n\n<p class=\"has-small-font-size\">\u00a7 13 Aufl\u00f6sung des Vereins, Beendigung aus anderen Gr\u00fcnden, Wegfall steuerbeg\u00fcnstigter Zwecke<\/p>\n\n\n\n<p class=\"has-small-font-size\">\u00a7 14 Salvatorische Klausel<\/p>\n\n\n\n<div style=\"height:81px\" aria-hidden=\"true\" class=\"wp-block-spacer\"><\/div>\n\n\n\n<p><strong>PR\u00c4AMBEL<br>zur Satzung<br>Verein: \u201eZeitgem\u00e4ss e.V.\u201c <\/strong> <strong>Gr\u00fcndung 10.07.2022<\/strong><\/p>\n\n\n\n<p><strong>Der Verein Zeitgem\u00e4\u00df e.V. zur F\u00f6rderung von Kunst, Kultur, internationaler Gesinnung und Bildung, ist ein Ort des vorurteilsfreien Zusammenkommens. Der Verein im will als Schnittstelle zwischen l\u00e4ndlicher und urbaner Kultur fungieren und f\u00fcr regelm\u00e4ssigen Austausch und gemeinsame Aktivit\u00e4ten und diesen sorgen.<\/strong><\/p>\n\n\n\n<p><strong>Der Verein Zeitgem\u00e4\u00df m\u00f6chte eine Kultur des Miteinanders realisieren, in der Stadt- und Landbev\u00f6lkerung, Jung und Alt, Experimentelle Formate und traditionelle Strategien sich gegenseitig inspirieren k\u00f6nnen. Wir stehen f\u00fcr ein respektvolles und diskriminierungsfreies Zuh\u00f6ren, gemeinsames Hinsehen und wollen Raum schaffen f\u00fcrs reflektieren auch in internationalen Kontexten<\/strong>.<\/p>\n\n\n\n<p><strong>Erlbach 2022<\/strong><\/p>\n\n\n\n<div style=\"height:88px\" aria-hidden=\"true\" class=\"wp-block-spacer\"><\/div>\n\n\n\n<p><strong>Vereinssatzung<\/strong><\/p>\n\n\n\n<p class=\"has-small-font-size\"><strong>\u00a7 1 Name, Sitz, Eintragung, Gesch\u00e4ftsjahr<\/strong><\/p>\n\n\n\n<p class=\"has-small-font-size\">(1) Der Verein tr\u00e4gt den Namen \u201eZeitgem\u00e4\u00df\u201c. Er soll in das Vereinsregister eingetragen werden und danach den Zusatz \u201ee.V.\u201c f\u00fchren.<\/p>\n\n\n\n<p class=\"has-small-font-size\">(2) Der Verein hat den Sitz Colditz OT Erlbach \/ Sachsen.<\/p>\n\n\n\n<p class=\"has-small-font-size\">(3) Das Gesch\u00e4ftsjahr ist das Kalenderjahr.<\/p>\n\n\n\n<p class=\"has-small-font-size\"><strong>\u00a72, Zweck, Aufgaben, Gemeinn\u00fctzigkeit des Vereins<\/strong><\/p>\n\n\n\n<p class=\"has-small-font-size\">(nach Abgabenordnung \u00a752 gemeinn\u00fctziger Zweck:)<\/p>\n\n\n\n<p class=\"has-small-font-size\">(1) Der Verein \u201eZeitgem\u00e4\u00df e.V.\u201c verfolgt ausschlie\u00dflich und unmittelbar gemeinn\u00fctzige Zwecke im Sinne des Abschnitts \u201eSteuerbeg\u00fcnstigte Zwecke\u201c der Abgabenordnung.<\/p>\n\n\n\n<p class=\"has-small-font-size\">(2) Zweck des Vereins ist die F\u00f6rderung von Kunst und Kultur sowie die F\u00f6rderung internationaler Gesinnung, der Toleranz auf allen Gebieten der Kultur und des V\u00f6lkerverst\u00e4n-<\/p>\n\n\n\n<p class=\"has-small-font-size\">digungsgedankens. Ferner ist Zweck des Vereines die F\u00f6rderung der Fort- und Erwachsenenbildung auf dem Land.<\/p>\n\n\n\n<p class=\"has-small-font-size\">(3) Der Satzungszweck wird insbesondere verwirklicht durch die Organisation, Konzeption,<\/p>\n\n\n\n<p class=\"has-small-font-size\">Finanzierung und Durchf\u00fchrung von K\u00fcnstlertreffen, Ausstellungen und Residenzen oder<\/p>\n\n\n\n<p class=\"has-small-font-size\">Forschungs-Symposien, Bildungsangeboten wie Workshops, sowie internationaler Aus-<\/p>\n\n\n\n<p class=\"has-small-font-size\">tauschprojekte und Ver\u00f6ffentlichungen wie Publikationen oder Soundaufnahmen in diesem Rahmen. Dabei liegt der Fokus des Vereins auf dem l\u00e4ndlichen Raum in Sachsen.<\/p>\n\n\n\n<p class=\"has-small-font-size\"><strong>\u00a73 Selbstlosigkeit<\/strong><\/p>\n\n\n\n<p class=\"has-small-font-size\">(1) Der Verein ist selbstlos t\u00e4tig; er verfolgt nicht in erster Linie eigenwirtschaftliche Zwecke. (2) Mittel des Vereins d\u00fcrfen nur f\u00fcr die satzungsm\u00e4\u00dfigen Zwecke verwendet werden.<\/p>\n\n\n\n<p class=\"has-small-font-size\">(3) Die Mitglieder erhalten in ihrer Eigenschaft als Mitglieder keine Zuwendungen aus Mitteln des Vereins. Es darf keine Person durch Ausgaben, die dem Zweck des Vereins fremd sind, oder durch unverh\u00e4ltnism\u00e4\u00dfig hohe Verg\u00fctungen beg\u00fcnstigt werden.<\/p>\n\n\n\n<p class=\"has-small-font-size\"><strong>\u00a74 Erwerb der Mitgliedschaft<\/strong><\/p>\n\n\n\n<p class=\"has-small-font-size\">(1) Mitglied des Vereins kann jede vollj\u00e4hrige nat\u00fcrliche und juristische Person werden, die den Zweck (\u00a7 2) und seine Ziele unterst\u00fctzt.<\/p>\n\n\n\n<p class=\"has-small-font-size\">(2) Der Verein hat folgende Mitglieder: ordentliche Mitglieder, F\u00f6rdermitglieder und Ehren- mitglieder.<\/p>\n\n\n\n<p class=\"has-small-font-size\">(3) Die Aufnahme in den Verein ist schriftlich beim Vorstand zu beantragen. Ein Antrag per Email ist zul\u00e4ssig. \u00dcber den Antrag auf Aufnahme in den Verein entscheidet der Vorstand.<\/p>\n\n\n\n<p class=\"has-small-font-size\">(4) Die Mitgliedschaft wird mit Zahlung desMitgliedsbeitrages wirksam.<\/p>\n\n\n\n<p class=\"has-small-font-size\">(5) Auf Vorschlag des Vorstands kann die Mitgliederversammlung verdienstvolle F\u00f6rderer in den Verein als Ehrenmitglieder auf Lebenszeit aufnehmen.<\/p>\n\n\n\n<p class=\"has-small-font-size\"><strong>\u00a75 Beendigung der Mitgliedschaft<\/strong><\/p>\n\n\n\n<p class=\"has-small-font-size\">(1) Die Mitgliedschaft endet durch Austritt, Ausschluss oder Tod.<\/p>\n\n\n\n<p class=\"has-small-font-size\">(2) Der Austritt ist schriftlich gegen\u00fcber dem Vorstand zu erkl\u00e4ren. Der Austritt eines Mitgliedes kann nur mit einer Frist von 2 Monaten zum Ende des Gesch\u00e4ftsjahres erkl\u00e4rt werden.<\/p>\n\n\n\n<p class=\"has-small-font-size\">(3) Ein Mitglied kann durch Beschluss der Mitgliederversammlung aus dem Verein ausgeschlossen werden, wenn es<br>a) schuldhaft das Ansehen oder die Interessen des Vereins in schwerwiegender Weise gesch\u00e4digt oder die ihm nach der Satzung obliegenden Pflichten wiederholt verletzt hat oder<br>b) mehr als drei Monate mit der Zahlung seiner Mitgliedsbeitr\u00e4ge im R\u00fcckstand ist und trotz schriftlicher Mahnung unter Androhung des Ausschlusses die r\u00fcckst\u00e4ndigen Beitr\u00e4ge nicht eingezahlt hat.<br>Dem Mitglied ist Gelegenheit zu geben, in der Mitgliederversammlung zu den Gr\u00fcnden des Ausschlusses Stellung zu nehmen. Diese sind ihm mindestens zwei Wochen vorher mitzuteilen.<\/p>\n\n\n\n<p class=\"has-small-font-size\"><strong>\u00a7 6 Rechte und Pflichten der Mitglieder<\/strong><\/p>\n\n\n\n<p class=\"has-small-font-size\">(1) Jedes Mitglied hat das Recht, im Verein aktiv mitzuwirken und an gemeinsamen Veranstaltungen teilzunehmen.<\/p>\n\n\n\n<p class=\"has-small-font-size\">(2) Jedes Mitglied hat die Pflicht, die Interessen des \u201eZeitgem\u00e4ss e.V.\u201c zu f\u00f6rdern, insbesondere regelm\u00e4\u00dfig seine Mitgliedsbeitr\u00e4ge zu leisten und, soweit es in seinen Kr\u00e4ften steht, die Veranstaltungen des Vereins durch seine Mitarbeit zu unterst\u00fctzen.<\/p>\n\n\n\n<p class=\"has-small-font-size\">(3) Ordentliche Mitglieder verf\u00fcgen \u00fcber ein Stimmrecht, sowie ein aktives und passives Wahlrecht.<\/p>\n\n\n\n<p class=\"has-small-font-size\">(4) F\u00f6rdermitglieder unterst\u00fctzen den Verein ideell und finanziell. Sie haben kein Stimm- recht, kein aktives und auch kein passives Wahlrecht.<\/p>\n\n\n\n<p class=\"has-small-font-size\">(5) Ehrenmitglieder unterst\u00fctzen den Verein ideell. Sie haben kein Stimmrecht, und kein aktives und passives Wahlrecht.<\/p>\n\n\n\n<p class=\"has-small-font-size\"><strong>\u00a77 Mitgliedsbeitr\u00e4ge<\/strong><\/p>\n\n\n\n<p class=\"has-small-font-size\">(1) Jedes Mitglied hat einen j\u00e4hrlich zum 15. Januar im Voraus f\u00e4llig werdenden Mitgliedsbeitrag zu entrichten.<\/p>\n\n\n\n<p class=\"has-small-font-size\">(2) Die H\u00f6he der Mitgliedsbeitr\u00e4ge wird von der Mitgliederversammlung festgelegt. Dabei ist die Offenheit des Vereins f\u00fcr die Allgemeinheit angemessen zu ber\u00fccksichtigen. Details zu den Mitgliedsbeitr\u00e4gen regelt die Beitragsordnung. Diese ist nicht Bestandteil der Satzung.<\/p>\n\n\n\n<p class=\"has-small-font-size\"><strong>\u00a78 Organe des Vereins<\/strong><\/p>\n\n\n\n<p class=\"has-small-font-size\">Organe des Vereins sind der Vorstand und die Mitgliederversammlung.<\/p>\n\n\n\n<p class=\"has-small-font-size\"><strong>\u00a79 Vorstand<\/strong><\/p>\n\n\n\n<p class=\"has-small-font-size\">(1) Dem Vorstand des Vereins obliegen die Vertretung des Vereins nach \u00a7 26 BGB und die F\u00fchrung seiner Gesch\u00e4fte. Er hat insbesondere folgende Aufgaben:<br>a) die Einberufung und Vorbereitung der Mitgliederversammlungen<br>einschlie\u00dflich der Aufstellung der Tagesordnung,<\/p>\n\n\n\n<p class=\"has-small-font-size\">b) die Ausf\u00fchrung von Beschl\u00fcssen der Mitgliederversammlung,<br>c) die Verwaltung des Vereinsverm\u00f6gens und die Anfertigung des Jahresberichts, d) die Aufnahme neuer Mitglieder.<\/p>\n\n\n\n<p class=\"has-small-font-size\">(2) Es gibt mindestens zwei Vorstandsmitglieder, aber h\u00f6chstens bis zu f\u00fcnf. Der Vorstand besteht mindestens aus dem\/der Vorsitzenden und dem\/der Schatzmeister*in.<\/p>\n\n\n\n<p class=\"has-small-font-size\">(3) Die Vorstandsmitglieder vertreten den Verein gerichtlich und au\u00dfergerichtlich jeweils allein.<\/p>\n\n\n\n<p class=\"has-small-font-size\">(4) Die Mitglieder des Vorstandes werden von der Mitgliederversammlung f\u00fcr die Dauer von vier Jahren einzeln gew\u00e4hlt. Mitglieder des Vorstands k\u00f6nnen nur Mitglieder des Vereins sein; mit der Mitgliedschaft im Verein endet auch die Mitgliedschaft im Vorstand. Die Wiederwahl oder die vorzeitige Abberufung eines Mitglieds durch die Mitgliederver- sammlung sind zul\u00e4ssig. Ein Mitglied bleibt nach Ablauf der regul\u00e4ren Amtszeit bis zur Wahl seines Nachfolgers im Amt. Scheidet ein Mitglied vorzeitig aus dem Vorstand aus, so sind die verbleibenden Vorstandsmitglieder berechtigt, ein Mitglied des Vereins bis zur Wahl des Nachfolgers zu bestimmen.<\/p>\n\n\n\n<p class=\"has-small-font-size\">(5) Der Vorstand tritt nach Bedarf zusammen. Die Sitzungen werden von dem\/der Vor- sitzenden, bei Verhinderung von seinem\/r Stellvertreter*in, einberufen. Eine Einberufungs- frist von einer Woche soll eingehalten werden. Der Vorstand ist beschlussf\u00e4hig, wenn mindestens zwei Mitglieder anwesend sind. Bei der Beschlussfassung entscheidet die Mehrheit der abgegebenen g\u00fcltigen Stimmen. Bei Stimmengleichheit entscheidet die Stimme der\/des Vorsitzenden, bei Verhinderung die seines\/r Stellvertreters\/in.<\/p>\n\n\n\n<p class=\"has-small-font-size\">(6) Die Beschl\u00fcsse des Vorstandes sind zu protokollieren. Das Protokoll ist von dem\/der Protokollf\u00fchrer*in sowie von dem\/der Vorsitzenden, bei Verhinderung von seinem\/r Stell- vertreter*in oder einem anderen Mitglied des Vorstandes zu unterschreiben.<\/p>\n\n\n\n<p class=\"has-small-font-size\">(7) Der Vorstand kann f\u00fcr die Gesch\u00e4fte der laufenden Verwaltung eine*n Gesch\u00e4fts- f\u00fchrer*in (besondere*n Vertreter*in nach \u00a7 30 BGB) bestellen. Diese*r ist berechtigt, an den Sitzungen des Vorstandes mit beratender Stimme teilzunehmen.<\/p>\n\n\n\n<p class=\"has-small-font-size\"><strong>\u00a7 10 Mitgliederversammlung<\/strong><\/p>\n\n\n\n<p class=\"has-small-font-size\">(1) Die Mitgliederversammlung ist insbesondere zust\u00e4ndig f\u00fcr die Entscheidungen in folgenden Angelegenheiten:<br>a) \u00c4nderungen der Satzung,<br>b) die Aufl\u00f6sung des Vereins,<\/p>\n\n\n\n<p class=\"has-small-font-size\">c) die Aufnahme neuer Vereinsmitglieder in den F\u00e4llen des \u00a74 Abs.5 die Ernennung von Ehrenmitgliedern sowie den Aus-<br>schluss von Mitgliedern aus dem Verein (\u00a75 Abs.3)<br>d) die Wahl und die Abberufung der Mitglieder des Vorstands,<\/p>\n\n\n\n<p class=\"has-small-font-size\">e) die Entgegennahme des Jahresberichts und die Entlastung des Vorstands,<br>f) die Festsetzung der Mitgliedsbeitr\u00e4ge.<\/p>\n\n\n\n<p class=\"has-small-font-size\">(2) Mindestens einmal im Jahr, m\u00f6glichst im ersten Quartal, ist vom Vorstand eine ordent- liche Mitgliederversammlung einzuberufen. Die Einberufung erfolgt schriftlich unter Einhal- tung einer Frist von w\u00fcnschenswerter Weise zwei Monaten, mindestens aber zwei Wochen und unter Angabe der Tagesordnung.<\/p>\n\n\n\n<p class=\"has-small-font-size\">(3) An Stelle einer Mitgliederversammlung nach Abs. 1 kann zu einer virtuellen Mitglieder- versammlung einberufen werden. Die virtuelle Mitgliederversammlung ist gegen\u00fcber der pr\u00e4senten Mitgliederversammlung nach Abs. 1 nachrangig. Der Vorstand entscheidet hier\u00fcber nach seinem Ermessen und teilt dies den Mitgliedern in der Einladung mit. Vir- tuelle Mitgliederversammlungen finden in einem nur f\u00fcr Mitglieder zug\u00e4nglichen Chatroom oder per Video oder Telefonkonferenz statt. Die Mitglieder erhalten hierf\u00fcr rechtzeitig ein Passwort. Die sonstigen Bedingungen der virtuellen Mitgliederversammlung richten sich nach den allgemeinen Bestimmungen \u00fcber die Mitgliederversammlung. Eine virtuelle Mit- gliederversammlung \u00fcber die Aufl\u00f6sung des Vereins ist unzul\u00e4ssig.<\/p>\n\n\n\n<p class=\"has-small-font-size\">S\u00e4mtliche Mitglieder sind verpflichtet, ihre Legitimationsdaten und das Zugangswort keinem Dritten zug\u00e4nglich zu machen und unter strengem Verschluss zu halten.<\/p>\n\n\n\n<p class=\"has-small-font-size\">(4) Die Tagesordnung setzt der Vorstand fest. Jedes Vereinsmitglied kann bis sp\u00e4testens eine Woche vor der Mitgliederversammlung beim Vorstand schriftlich eine Erg\u00e4nzung der Tagesordnung beantragen. \u00dcber den Antrag entscheidet der Vorstand. \u00dcber Antr\u00e4ge zur Tagesordnung, die vom Vorstand nicht aufgenommen wurden oder die erstmals in der Mit- gliederversammlung gestellt werden, entscheidet die Mitgliederversammlung mit der Mehr- heit der abgegebenen Stimmen; dies gilt nicht f\u00fcr Antr\u00e4ge, die eine \u00c4nderung der Satzung, die Aufl\u00f6sung des Vereins oder \u00c4nderungen der Mitgliedsbeitr\u00e4ge zum Gegenstand haben.<\/p>\n\n\n\n<p class=\"has-small-font-size\">(5) Der Vorstand hat eine au\u00dferordentliche Mitgliederversammlung einzuberufen, wenn<br>es das Interesse des Vereins erfordert oder wenn ein Viertel der Mitglieder dies schriftlich unter Angabe des Zwecks und der Gr\u00fcnde beantragt. Soweit die Umst\u00e4nde dies zulassen, ist eine Ladungsfrist von zwei Wochen einzuhalten und die Tagesordnung mit der Einladung bekannt zu geben.<\/p>\n\n\n\n<p class=\"has-small-font-size\">(6) Die Mitgliederversammlung wird von der\/dem Vorsitzenden, bei dessen\/deren Verhin- derung von seinem\/r Stellvertreter*in und bei dessen\/deren Verhinderung von einem\/r durch die Mitgliederversammlung zu w\u00e4hlenden Versammlungsleiter*in geleitet.<\/p>\n\n\n\n<p class=\"has-small-font-size\">(7) Die Mitgliederversammlung ist beschlussf\u00e4hig, egal wieviele Mitglieder anwesend sind.<\/p>\n\n\n\n<p class=\"has-small-font-size\">(8) Die Mitgliederversammlung beschlie\u00dft in offener Abstimmung mit der Mehrheit der<\/p>\n\n\n\n<p class=\"has-small-font-size\">abgegebenen Stimmen. Kann bei Wahlen kein*e Kandidat*in die Mehrheit der abgegebe-<\/p>\n\n\n\n<p class=\"has-small-font-size\">nen Stimmen auf sich vereinen, ist eine Stichwahl durchzuf\u00fchren. Beschl\u00fcsse \u00fcber eine<\/p>\n\n\n\n<p class=\"has-small-font-size\">\u00c4nderung der Satzung m\u00fcssen vorher angek\u00fcndigt werden, die alte und neue Formulierung<\/p>\n\n\n\n<p class=\"has-small-font-size\">muss mitgeteilt werden. Satzungs\u00e4nderungen bed\u00fcrfen der Mehrheit von drei Vierteln der Mitgliederversammlung. Bei<\/p>\n\n\n\n<p class=\"has-small-font-size\">Stimmgleichheit gilt der Beschluss als abgelehnt. Der Beschluss \u00fcber die Aufl\u00f6sung des Vereins ben\u00f6tigt die Zustimmung von neun Zehnteln der abgegebenen Stimmen.<\/p>\n\n\n\n<p class=\"has-small-font-size\">(9) \u00dcber den Ablauf der Mitgliederversammlung und die gefassten Beschl\u00fcsse ist ein<\/p>\n\n\n\n<p class=\"has-small-font-size\">Protokoll zu fertigen. Dieses ist vom\/der Protokollf\u00fchrer*in und vom \/von der Versammlungsleiter*in zu unterschreiben.<\/p>\n\n\n\n<p class=\"has-small-font-size\"><strong>\u00a711 Beir\u00e4te und Arbeitsgruppen<\/strong><\/p>\n\n\n\n<p class=\"has-small-font-size\">Die Mitgliederversammlung kann Beir\u00e4te und Arbeitsgruppen einrichten, in denen sich Mitglieder ehrenamtlich engagieren.<\/p>\n\n\n\n<p class=\"has-small-font-size\"><strong>\u00a712 Beurkundung und Beschl\u00fcsse<\/strong><\/p>\n\n\n\n<p class=\"has-small-font-size\">Die in Mitgliederversammlungen und Vorstandssitzungen gefassten Beschl\u00fcsse sind schriftlich niederzulegen, zu unterzeichnen, zu sammeln und mindestens zehn Jahre aufzubewahren.<\/p>\n\n\n\n<p class=\"has-small-font-size\"><strong>\u00a713 Aufl\u00f6sung des Vereins, Beendigung aus anderen Gr\u00fcnden, Wegfall steuerbe- g\u00fcnstigter Zwecke<\/strong><\/p>\n\n\n\n<p class=\"has-small-font-size\">(1) Im Falle der Aufl\u00f6sung des Vereins sind der\/die Vorsitzende des Vorstands und sein*e Stellvertreter*in gemeinsam vertretungsberechtigte Liquidator*innen, falls die Mitglieder- versammlung keine anderen Personen beruft.<\/p>\n\n\n\n<p class=\"has-small-font-size\">(2) Bei Aufl\u00f6sung des Vereins oder bei Wegfall steuerbeg\u00fcnstigter Zwecke f\u00e4llt das Ver-<\/p>\n\n\n\n<p class=\"has-small-font-size\">m\u00f6gen des Vereins an den \u201eLand in Sicht e.V.\u201c, oder wenn es diesen Verein nicht mehr gibt, dann an einen den Vereinszwecken gem\u00e4ssen anderen Verein, der es unmittelbar und ausschlie\u00dflich f\u00fcr gemeinn\u00fctzige Zwecke zu verwenden hat.<\/p>\n\n\n\n<p class=\"has-small-font-size\">(3) Die vorstehenden Bestimmungen gelten entsprechend, wenn der Verein aus einem anderen Grund aufgel\u00f6st wird oder seine Rechtsf\u00e4higkeit verliert.<\/p>\n\n\n\n<p class=\"has-small-font-size\"><strong>\u00a7 14 Salvatorische Klausel<\/strong><\/p>\n\n\n\n<p class=\"has-small-font-size\">(1) Die Mitglieder stimmen der Salvatorischen Klausel zu. Diese besagt, dass wenn einzel- ne Paragraphen, Abschnitte und Zeilen durch Dritte (Notar*in, Gericht, Finanzamt, etc.)<br>f\u00fcr unwirksam erkl\u00e4rt werden, die \u00fcbrigen Teile der Satzung ihre Rechtsg\u00fcltigkeit behalten.<\/p>\n\n\n\n<p class=\"has-small-font-size\">(2) Des Weiteren berechtigt die Mitgliederversammlung die Vorstandsmitglieder gem\u00e4\u00df<br>\u00a7 26 BGB durch Dritte beanstandete Formulierungen entsprechend selbstst\u00e4ndig zu \u00e4ndern und die Mitglieder auf der n\u00e4chsten ordentlichen Mitgliederversammlung zu informieren.<\/p>\n\n\n\n<p class=\"has-small-font-size\">Unterschriften<\/p>\n\n\n\n<p class=\"has-small-font-size\">Erlbach 10.Juli 2022<\/p>\n","protected":false},"excerpt":{"rendered":"<p>Der Verein ist noch nicht im Vereinsregister eingetragen, aber bald! zum download SatzungVerein: \u201eZeitgem\u00e4ss (e.V.)\u201c 10.07.2022 Inhaltsverzeichnis: Pr\u00e4ambel \u00a7 1 Name, Sitz, Eintragung, Gesch\u00e4ftsjahr \u00a72 Zweck, Aufgaben, Gemeinn\u00fctzigkeit des Vereins &hellip; <\/p>\n<p class=\"link-more\"><a href=\"https:\/\/www.zeitgem\u00e4ss.eu\/?page_id=179\" class=\"more-link\">Continue reading<span class=\"screen-reader-text\"> &#8222;Satzung Zeitgem\u00e4\u00df eV&#8220;<\/span><\/a><\/p>\n","protected":false},"author":1,"featured_media":0,"parent":0,"menu_order":0,"comment_status":"closed","ping_status":"closed","template":"","meta":{"_EventAllDay":false,"_EventTimezone":"","_EventStartDate":"","_EventEndDate":"","_EventStartDateUTC":"","_EventEndDateUTC":"","_EventShowMap":false,"_EventShowMapLink":false,"_EventURL":"","_EventCost":"","_EventCostDescription":"","_EventCurrencySymbol":"","_EventCurrencyCode":"","_EventCurrencyPosition":"","_EventDateTimeSeparator":"","_EventTimeRangeSeparator":"","_EventOrganizerID":[],"_EventVenueID":[],"_OrganizerEmail":"","_OrganizerPhone":"","_OrganizerWebsite":"","_VenueAddress":"","_VenueCity":"","_VenueCountry":"","_VenueProvince":"","_VenueState":"","_VenueZip":"","_VenuePhone":"","_VenueURL":"","_VenueStateProvince":"","_VenueLat":"","_VenueLng":"","_VenueShowMap":false,"_VenueShowMapLink":false,"footnotes":""},"class_list":["post-179","page","type-page","status-publish","hentry","no-thumbnail"],"_links":{"self":[{"href":"https:\/\/www.zeitgem\u00e4ss.eu\/index.php?rest_route=\/wp\/v2\/pages\/179","targetHints":{"allow":["GET"]}}],"collection":[{"href":"https:\/\/www.zeitgem\u00e4ss.eu\/index.php?rest_route=\/wp\/v2\/pages"}],"about":[{"href":"https:\/\/www.zeitgem\u00e4ss.eu\/index.php?rest_route=\/wp\/v2\/types\/page"}],"author":[{"embeddable":true,"href":"https:\/\/www.zeitgem\u00e4ss.eu\/index.php?rest_route=\/wp\/v2\/users\/1"}],"replies":[{"embeddable":true,"href":"https:\/\/www.zeitgem\u00e4ss.eu\/index.php?rest_route=%2Fwp%2Fv2%2Fcomments&post=179"}],"version-history":[{"count":10,"href":"https:\/\/www.zeitgem\u00e4ss.eu\/index.php?rest_route=\/wp\/v2\/pages\/179\/revisions"}],"predecessor-version":[{"id":208,"href":"https:\/\/www.zeitgem\u00e4ss.eu\/index.php?rest_route=\/wp\/v2\/pages\/179\/revisions\/208"}],"wp:attachment":[{"href":"https:\/\/www.zeitgem\u00e4ss.eu\/index.php?rest_route=%2Fwp%2Fv2%2Fmedia&parent=179"}],"curies":[{"name":"wp","href":"https:\/\/api.w.org\/{rel}","templated":true}]}}