{"id":227,"date":"2022-07-14T13:32:16","date_gmt":"2022-07-14T13:32:16","guid":{"rendered":"https:\/\/www.zeitgem\u00e4ss.eu\/?page_id=227"},"modified":"2024-09-02T19:03:57","modified_gmt":"2024-09-02T17:03:57","slug":"impressum","status":"publish","type":"page","link":"https:\/\/www.zeitgem\u00e4ss.eu\/?page_id=227","title":{"rendered":"Impressum"},"content":{"rendered":"\n<p>in Arbeit<\/p>\n\n\n\n<p><\/p>\n\n\n\n<p>Zeitgem\u00e4\u00df eV <\/p>\n\n\n\n<p>Vorstandsvorsitzender: J\u00f6rn Csapo-Drewes<\/p>\n\n\n\n<p>Schatzmeisterin : Julianne Csapo<\/p>\n\n\n\n<p>Sitz : Zum M\u00f6nchsweg 4 , 04680 Erlbach<\/p>\n\n\n\n<p>email: info@zeitgem\u00e4ss.eu<\/p>\n\n\n\n<p>oder info@xn--zeitgemss-12a.eu ist manchmal browser kompatibler<\/p>\n","protected":false},"excerpt":{"rendered":"<p>in Arbeit Zeitgem\u00e4\u00df eV Vorstandsvorsitzender: J\u00f6rn Csapo-Drewes Schatzmeisterin : Julianne Csapo Sitz : Zum M\u00f6nchsweg 4 , 04680 Erlbach email: info@zeitgem\u00e4ss.eu oder info@xn--zeitgemss-12a.eu ist manchmal browser kompatibler<\/p>\n","protected":false},"author":1,"featured_media":0,"parent":0,"menu_order":0,"comment_status":"closed","ping_status":"closed","template":"","meta":{"_EventAllDay":false,"_EventTimezone":"","_EventStartDate":"","_EventEndDate":"","_EventStartDateUTC":"","_EventEndDateUTC":"","_EventShowMap":false,"_EventShowMapLink":false,"_EventURL":"","_EventCost":"","_EventCostDescription":"","_EventCurrencySymbol":"","_EventCurrencyCode":"","_EventCurrencyPosition":"","_EventDateTimeSeparator":"","_EventTimeRangeSeparator":"","_EventOrganizerID":[],"_EventVenueID":[],"_OrganizerEmail":"","_OrganizerPhone":"","_OrganizerWebsite":"","_VenueAddress":"","_VenueCity":"","_VenueCountry":"","_VenueProvince":"","_VenueState":"","_VenueZip":"","_VenuePhone":"","_VenueURL":"","_VenueStateProvince":"","_VenueLat":"","_VenueLng":"","_VenueShowMap":false,"_VenueShowMapLink":false,"footnotes":""},"class_list":["post-227","page","type-page","status-publish","hentry","no-thumbnail"],"_links":{"self":[{"href":"https:\/\/www.zeitgem\u00e4ss.eu\/index.php?rest_route=\/wp\/v2\/pages\/227","targetHints":{"allow":["GET"]}}],"collection":[{"href":"https:\/\/www.zeitgem\u00e4ss.eu\/index.php?rest_route=\/wp\/v2\/pages"}],"about":[{"href":"https:\/\/www.zeitgem\u00e4ss.eu\/index.php?rest_route=\/wp\/v2\/types\/page"}],"author":[{"embeddable":true,"href":"https:\/\/www.zeitgem\u00e4ss.eu\/index.php?rest_route=\/wp\/v2\/users\/1"}],"replies":[{"embeddable":true,"href":"https:\/\/www.zeitgem\u00e4ss.eu\/index.php?rest_route=%2Fwp%2Fv2%2Fcomments&post=227"}],"version-history":[{"count":2,"href":"https:\/\/www.zeitgem\u00e4ss.eu\/index.php?rest_route=\/wp\/v2\/pages\/227\/revisions"}],"predecessor-version":[{"id":565,"href":"https:\/\/www.zeitgem\u00e4ss.eu\/index.php?rest_route=\/wp\/v2\/pages\/227\/revisions\/565"}],"wp:attachment":[{"href":"https:\/\/www.zeitgem\u00e4ss.eu\/index.php?rest_route=%2Fwp%2Fv2%2Fmedia&parent=227"}],"curies":[{"name":"wp","href":"https:\/\/api.w.org\/{rel}","templated":true}]}}