{"id":487,"date":"2024-02-14T13:18:18","date_gmt":"2024-02-14T12:18:18","guid":{"rendered":"https:\/\/www.zeitgem\u00e4ss.eu\/?page_id=487"},"modified":"2024-02-14T13:41:45","modified_gmt":"2024-02-14T12:41:45","slug":"liedertour","status":"publish","type":"page","link":"https:\/\/www.zeitgem\u00e4ss.eu\/?page_id=487","title":{"rendered":"Liedertour"},"content":{"rendered":"\n<p>Der Liedertour e.V. aus Leipzig organisiert seit 30 Jahren Konzerte f\u00fcr Musiker:innen. Seit geraumer Zeit gibt es eine monatliche Tour bei der Konzerte an zumeist ungew\u00f6hnlichen Orten wie Bauernhof, Kirchen, einem Weinladen und an Orten der Kultur stattfinden.<br>Monat f\u00fcr Monat schickt der Verein immer andere, spannende und sehr unterschiedliche musikalische Projekte auf die kleine Reise. <br><\/p>\n\n\n\n<p>In Ebbies Haus am Berg bei uns in Erlbach macht die Tour immer an einem Dienstag Station. Meistens ist es der zweite des Monats Station, dass kann aber variieren. Ab 19.00 Uhr gibt es Suppe am Feuer und Getr\u00e4nke gegen Spenden. Der Eintritt ist frei, f\u00fcr die Musik wird mit dem Hut gesammelt.<br>(Termine &#8211; siehe <a href=\"https:\/\/www.zeitgem\u00e4ss.eu\/?page_id=119\">Kalender<\/a>)<br><\/p>\n\n\n\n<p>Aktuell findet Tour jeden Monat an diesen Spielorten statt:<br><\/p>\n\n\n\n<p>CHEMNITZ Holzkirche<br>MEISSEN Porzellan-Atelier Andreas Ehret <br>LEISNIG KulturBahnhof<br>LEIPZIG-Holzhausen Kirche Zuckelhausen<br>QUERFURT Burg F\u00fcrstenkeller<br>DELITZSCH Altstadtkneipe No.2<br>JENA Wein erlesen<br>TR\u00d6CHTELBORN Kulturhof<br>WITZENHAUSEN Ringelnatz<br>SEEGEBIET MANSFELDER LAND-Rollsdorf St. Petri Kirche<br>BAD LAUSICK-Beucha Herrenhaus Schloss Beucha<br><strong>COLDITZ-Erlbach Ebbies Haus am Berg<\/strong><br>LEIPZIG Alte Schlosserei<br>LEIPZIG-Sellerhausen Stadtteiltreff B\u00fcrgerverein Sellerhausen-St\u00fcnz<br>BAD SCHMIEDEBERG Stadtkirche Gemeindehaus<br>KEMBERG-Rollsdorf Gassm\u00fchle<\/p>\n","protected":false},"excerpt":{"rendered":"<p>Der Liedertour e.V. aus Leipzig organisiert seit 30 Jahren Konzerte f\u00fcr Musiker:innen. Seit geraumer Zeit gibt es eine monatliche Tour bei der Konzerte an zumeist ungew\u00f6hnlichen Orten wie Bauernhof, Kirchen, &hellip; <\/p>\n<p class=\"link-more\"><a href=\"https:\/\/www.zeitgem\u00e4ss.eu\/?page_id=487\" class=\"more-link\">Continue reading<span class=\"screen-reader-text\"> &#8222;Liedertour&#8220;<\/span><\/a><\/p>\n","protected":false},"author":2,"featured_media":0,"parent":119,"menu_order":1,"comment_status":"closed","ping_status":"closed","template":"","meta":{"_EventAllDay":false,"_EventTimezone":"","_EventStartDate":"","_EventEndDate":"","_EventStartDateUTC":"","_EventEndDateUTC":"","_EventShowMap":false,"_EventShowMapLink":false,"_EventURL":"","_EventCost":"","_EventCostDescription":"","_EventCurrencySymbol":"","_EventCurrencyCode":"","_EventCurrencyPosition":"","_EventDateTimeSeparator":"","_EventTimeRangeSeparator":"","_EventOrganizerID":[],"_EventVenueID":[],"_OrganizerEmail":"","_OrganizerPhone":"","_OrganizerWebsite":"","_VenueAddress":"","_VenueCity":"","_VenueCountry":"","_VenueProvince":"","_VenueState":"","_VenueZip":"","_VenuePhone":"","_VenueURL":"","_VenueStateProvince":"","_VenueLat":"","_VenueLng":"","_VenueShowMap":false,"_VenueShowMapLink":false,"footnotes":""},"class_list":["post-487","page","type-page","status-publish","hentry","no-thumbnail"],"_links":{"self":[{"href":"https:\/\/www.zeitgem\u00e4ss.eu\/index.php?rest_route=\/wp\/v2\/pages\/487","targetHints":{"allow":["GET"]}}],"collection":[{"href":"https:\/\/www.zeitgem\u00e4ss.eu\/index.php?rest_route=\/wp\/v2\/pages"}],"about":[{"href":"https:\/\/www.zeitgem\u00e4ss.eu\/index.php?rest_route=\/wp\/v2\/types\/page"}],"author":[{"embeddable":true,"href":"https:\/\/www.zeitgem\u00e4ss.eu\/index.php?rest_route=\/wp\/v2\/users\/2"}],"replies":[{"embeddable":true,"href":"https:\/\/www.zeitgem\u00e4ss.eu\/index.php?rest_route=%2Fwp%2Fv2%2Fcomments&post=487"}],"version-history":[{"count":3,"href":"https:\/\/www.zeitgem\u00e4ss.eu\/index.php?rest_route=\/wp\/v2\/pages\/487\/revisions"}],"predecessor-version":[{"id":492,"href":"https:\/\/www.zeitgem\u00e4ss.eu\/index.php?rest_route=\/wp\/v2\/pages\/487\/revisions\/492"}],"up":[{"embeddable":true,"href":"https:\/\/www.zeitgem\u00e4ss.eu\/index.php?rest_route=\/wp\/v2\/pages\/119"}],"wp:attachment":[{"href":"https:\/\/www.zeitgem\u00e4ss.eu\/index.php?rest_route=%2Fwp%2Fv2%2Fmedia&parent=487"}],"curies":[{"name":"wp","href":"https:\/\/api.w.org\/{rel}","templated":true}]}}